{"id":23,"date":"2021-03-10T14:42:25","date_gmt":"2021-03-10T14:42:25","guid":{"rendered":"http:\/\/hotelannapolis.ms.decms.eu\/?page_id=23"},"modified":"2021-03-10T16:31:11","modified_gmt":"2021-03-10T16:31:11","slug":"best-western-annapolis","status":"publish","type":"page","link":"https:\/\/www.hotelannapolis.net\/es\/","title":{"rendered":"Best Western Annapolis"},"content":{"rendered":"<p>El <strong>Best Western Annapolis<\/strong> ofrece 151 habitaciones mejoradas con todo el confort que usted espera.<br \/>\nTodas las habitaciones est\u00e1n equipadas con plancha, tabla de planchar, secador de pelo, cafetera\/tetera, radio despertador y caja fuerte. Adem\u00e1s, los hu\u00e9spedes pueden disfrutar de nuestras pel\u00edculas de pago en la habitaci\u00f3n, una selecci\u00f3n de televisi\u00f3n mejorada con 48 de sus canales favoritos, incluyendo HBO, acceso inal\u00e1mbrico de alta velocidad gratuito y refrigeradores con microondas disponibles en la mayor\u00eda de las habitaciones.<\/p>\n","protected":false},"excerpt":{"rendered":"<p>El Best Western Annapolis ofrece 151 habitaciones mejoradas con todo el confort que usted espera. Todas las habitaciones est\u00e1n equipadas con plancha, tabla de planchar, secador de pelo, cafetera\/tetera, radio despertador y caja fuerte. Adem\u00e1s, los hu\u00e9spedes pueden disfrutar de nuestras pel\u00edculas de pago en la habitaci\u00f3n, una selecci\u00f3n de televisi\u00f3n mejorada con 48 de [&hellip;]<\/p>\n","protected":false},"author":36,"featured_media":0,"parent":0,"menu_order":0,"comment_status":"closed","ping_status":"closed","template":"","meta":{"footnotes":""},"class_list":["post-23","page","type-page","status-publish","hentry"],"yoast_head":"<!-- This site is optimized with the Yoast SEO plugin v26.9 - https:\/\/yoast.com\/product\/yoast-seo-wordpress\/ -->\n<title>Best Western Annapolis - Best Western Hotel Annapolis<\/title>\n<meta name=\"robots\" content=\"index, follow, max-snippet:-1, max-image-preview:large, max-video-preview:-1\" \/>\n<link rel=\"canonical\" href=\"https:\/\/www.hotelannapolis.net\/es\/\" \/>\n<meta property=\"og:locale\" content=\"es_ES\" \/>\n<meta property=\"og:type\" content=\"article\" \/>\n<meta property=\"og:title\" content=\"Best Western Annapolis - Best Western Hotel Annapolis\" \/>\n<meta property=\"og:description\" content=\"El Best Western Annapolis ofrece 151 habitaciones mejoradas con todo el confort que usted espera. Todas las habitaciones est\u00e1n equipadas con plancha, tabla de planchar, secador de pelo, cafetera\/tetera, radio despertador y caja fuerte. Adem\u00e1s, los hu\u00e9spedes pueden disfrutar de nuestras pel\u00edculas de pago en la habitaci\u00f3n, una selecci\u00f3n de televisi\u00f3n mejorada con 48 de [&hellip;]\" \/>\n<meta property=\"og:url\" content=\"https:\/\/www.hotelannapolis.net\/es\/\" \/>\n<meta property=\"og:site_name\" content=\"Best Western Hotel Annapolis\" \/>\n<meta property=\"article:modified_time\" content=\"2021-03-10T16:31:11+00:00\" \/>\n<meta name=\"twitter:card\" content=\"summary_large_image\" \/>\n<script type=\"application\/ld+json\" class=\"yoast-schema-graph\">{\"@context\":\"https:\/\/schema.org\",\"@graph\":[{\"@type\":\"WebPage\",\"@id\":\"https:\/\/www.hotelannapolis.net\/es\/\",\"url\":\"https:\/\/www.hotelannapolis.net\/es\/\",\"name\":\"Best Western Annapolis - Best Western Hotel Annapolis\",\"isPartOf\":{\"@id\":\"https:\/\/www.hotelannapolis.net\/es\/#website\"},\"datePublished\":\"2021-03-10T14:42:25+00:00\",\"dateModified\":\"2021-03-10T16:31:11+00:00\",\"breadcrumb\":{\"@id\":\"https:\/\/www.hotelannapolis.net\/es\/#breadcrumb\"},\"inLanguage\":\"es\",\"potentialAction\":[{\"@type\":\"ReadAction\",\"target\":[\"https:\/\/www.hotelannapolis.net\/es\/\"]}]},{\"@type\":\"BreadcrumbList\",\"@id\":\"https:\/\/www.hotelannapolis.net\/es\/#breadcrumb\",\"itemListElement\":[{\"@type\":\"ListItem\",\"position\":1,\"name\":\"Home\",\"item\":\"https:\/\/www.hotelannapolis.net\/es\/\"},{\"@type\":\"ListItem\",\"position\":2,\"name\":\"Best Western Annapolis\"}]},{\"@type\":\"WebSite\",\"@id\":\"https:\/\/www.hotelannapolis.net\/es\/#website\",\"url\":\"https:\/\/www.hotelannapolis.net\/es\/\",\"name\":\"Best Western Hotel Annapolis\",\"description\":\"Just another ms.decms.eu site\",\"potentialAction\":[{\"@type\":\"SearchAction\",\"target\":{\"@type\":\"EntryPoint\",\"urlTemplate\":\"https:\/\/www.hotelannapolis.net\/es\/?s={search_term_string}\"},\"query-input\":{\"@type\":\"PropertyValueSpecification\",\"valueRequired\":true,\"valueName\":\"search_term_string\"}}],\"inLanguage\":\"es\"}]}<\/script>\n<!-- \/ Yoast SEO plugin. -->","yoast_head_json":{"title":"Best Western Annapolis - Best Western Hotel Annapolis","robots":{"index":"index","follow":"follow","max-snippet":"max-snippet:-1","max-image-preview":"max-image-preview:large","max-video-preview":"max-video-preview:-1"},"canonical":"https:\/\/www.hotelannapolis.net\/es\/","og_locale":"es_ES","og_type":"article","og_title":"Best Western Annapolis - Best Western Hotel Annapolis","og_description":"El Best Western Annapolis ofrece 151 habitaciones mejoradas con todo el confort que usted espera. Todas las habitaciones est\u00e1n equipadas con plancha, tabla de planchar, secador de pelo, cafetera\/tetera, radio despertador y caja fuerte. Adem\u00e1s, los hu\u00e9spedes pueden disfrutar de nuestras pel\u00edculas de pago en la habitaci\u00f3n, una selecci\u00f3n de televisi\u00f3n mejorada con 48 de [&hellip;]","og_url":"https:\/\/www.hotelannapolis.net\/es\/","og_site_name":"Best Western Hotel Annapolis","article_modified_time":"2021-03-10T16:31:11+00:00","twitter_card":"summary_large_image","schema":{"@context":"https:\/\/schema.org","@graph":[{"@type":"WebPage","@id":"https:\/\/www.hotelannapolis.net\/es\/","url":"https:\/\/www.hotelannapolis.net\/es\/","name":"Best Western Annapolis - Best Western Hotel Annapolis","isPartOf":{"@id":"https:\/\/www.hotelannapolis.net\/es\/#website"},"datePublished":"2021-03-10T14:42:25+00:00","dateModified":"2021-03-10T16:31:11+00:00","breadcrumb":{"@id":"https:\/\/www.hotelannapolis.net\/es\/#breadcrumb"},"inLanguage":"es","potentialAction":[{"@type":"ReadAction","target":["https:\/\/www.hotelannapolis.net\/es\/"]}]},{"@type":"BreadcrumbList","@id":"https:\/\/www.hotelannapolis.net\/es\/#breadcrumb","itemListElement":[{"@type":"ListItem","position":1,"name":"Home","item":"https:\/\/www.hotelannapolis.net\/es\/"},{"@type":"ListItem","position":2,"name":"Best Western Annapolis"}]},{"@type":"WebSite","@id":"https:\/\/www.hotelannapolis.net\/es\/#website","url":"https:\/\/www.hotelannapolis.net\/es\/","name":"Best Western Hotel Annapolis","description":"Just another ms.decms.eu site","potentialAction":[{"@type":"SearchAction","target":{"@type":"EntryPoint","urlTemplate":"https:\/\/www.hotelannapolis.net\/es\/?s={search_term_string}"},"query-input":{"@type":"PropertyValueSpecification","valueRequired":true,"valueName":"search_term_string"}}],"inLanguage":"es"}]}},"acf":[],"_links":{"self":[{"href":"https:\/\/www.hotelannapolis.net\/es\/wp-json\/wp\/v2\/pages\/23","targetHints":{"allow":["GET"]}}],"collection":[{"href":"https:\/\/www.hotelannapolis.net\/es\/wp-json\/wp\/v2\/pages"}],"about":[{"href":"https:\/\/www.hotelannapolis.net\/es\/wp-json\/wp\/v2\/types\/page"}],"author":[{"embeddable":true,"href":"https:\/\/www.hotelannapolis.net\/es\/wp-json\/wp\/v2\/users\/36"}],"replies":[{"embeddable":true,"href":"https:\/\/www.hotelannapolis.net\/es\/wp-json\/wp\/v2\/comments?post=23"}],"version-history":[{"count":0,"href":"https:\/\/www.hotelannapolis.net\/es\/wp-json\/wp\/v2\/pages\/23\/revisions"}],"wp:attachment":[{"href":"https:\/\/www.hotelannapolis.net\/es\/wp-json\/wp\/v2\/media?parent=23"}],"curies":[{"name":"wp","href":"https:\/\/api.w.org\/{rel}","templated":true}]}}